{"id":3536,"date":"2023-02-13T11:58:11","date_gmt":"2023-02-13T16:58:11","guid":{"rendered":"https:\/\/staging-citation-canada.hrdownloads.com\/accessibility-copy\/"},"modified":"2024-06-21T11:28:15","modified_gmt":"2024-06-21T11:28:15","slug":"accessibilite","status":"publish","type":"page","link":"https:\/\/staging-site.citationcanada.com\/fr\/accessibilite\/","title":{"rendered":"Accessibilit\u00e9"},"content":{"rendered":"<section class=\"block block--fifty-fifty\">\n  <div class=\"block__inner pt-30 pt-lg-40 pb-30 pb-lg-40 bg-color-grey bg-swirls-none fg-color-black border-radius-bottom-left-default border-radius-bottom-right-default\">\n        <div class=\"container\">\n      <div class=\"row gutter-x-lg-60 mb-40- flex-middle\">\n                  <div class=\"col-12 col-lg-6 remove-end-margins mb-40 order-lg-first\">\n            <div class=\"column-content--text max-w-490w\">\n  <h1>Accessibility<\/h1>\n<p>Citation Canada, formerly HRdownloads, s\u2019engage \u00e0 fournir un<br \/>\nenvironnement sans obstacle pour toutes les parties prenantes, y compris nos clients, nos employ\u00e9s, nos candidats, nos fournisseurs, le public et tous les visiteurs qui peuvent entrer dans nos locaux, acc\u00e9der \u00e0 nos informations ou utiliser nos services.<\/p>\n\n<\/div>\n\n          <\/div>\n                  <div class=\"col-12 col-lg-6 remove-end-margins mb-40 order-lg-last\">\n            <div class=\"column-content--image mt-50 mb-30\">\n  <img decoding=\"async\" width=\"899\" height=\"700\" src=\"https:\/\/staging-site-media.citationcanada.com\/app\/uploads\/2022\/12\/29174453\/hero_accessibility.png\" class=\"attachment-full size-full\" alt=\"&quot; &quot;\" fetchpriority=\"high\" srcset=\"https:\/\/staging-site-media.citationcanada.com\/app\/uploads\/2022\/12\/29174453\/hero_accessibility.png 899w, https:\/\/staging-site-media.citationcanada.com\/app\/uploads\/2022\/12\/29174453\/hero_accessibility-640x498.png 640w, https:\/\/staging-site-media.citationcanada.com\/app\/uploads\/2022\/12\/29174453\/hero_accessibility-768x598.png 768w, https:\/\/staging-site-media.citationcanada.com\/app\/uploads\/2022\/12\/29174453\/hero_accessibility-320x249.png 320w\" sizes=\"(max-width: 899px) 100vw, 899px\" \/>\n<\/div>\n\n          <\/div>\n              <\/div>\n    <\/div>\n  <\/div>\n<\/section>\n\n\n<section class=\"block block--content\">\n  <div class=\"block__inner pt-30 pt-lg-40 pb-30 pb-lg-40 bg-color-white bg-swirls-none fg-color-black\">\n        <div class=\"container\">\n      <div class=\"row\">\n        <div class=\"col\">\n          <h2>Accessibilit\u00e9<\/h2>\n<h4>Derni\u00e8re mise \u00e0 jour : 12 novembre 2019<\/h4>\n<h3>1. Introduction<\/h3>\n<p>Citation Canada, formerly HRdownloads, s\u2019engage \u00e0 fournir un environnement sans obstacle pour toutes les parties prenantes, y compris nos clients, nos employ\u00e9s, nos candidats, nos fournisseurs, le public et tous les visiteurs qui peuvent entrer dans nos locaux, acc\u00e9der \u00e0 nos informations ou utiliser nos services. En tant qu\u2019organisation, nous respectons et appliquons les exigences \u00e9nonc\u00e9es dans la Loi sur l\u2019accessibilit\u00e9 pour les personnes handicap\u00e9es de l\u2019Ontario (LAPHO) et les normes et r\u00e8glements connexes et nous veillerons \u00e0 offrir un environnement s\u00fbr et accueillant qui respecte la dignit\u00e9 et l\u2019ind\u00e9pendance de chaque personne.<\/p>\n<p>L\u2019objectif de la LAPHO est la r\u00e9alisation d\u2019un Ontario pleinement accessible par l\u2019identification, la pr\u00e9vention et l\u2019\u00e9limination des obstacles. Pour atteindre cet objectif et satisfaire aux exigences de la LAPHO, Citation Canada, formerly HRdownloads, a int\u00e9gr\u00e9 et continuera d\u2019int\u00e9grer des mesures d\u2019accessibilit\u00e9 dans ses politiques, ses proc\u00e9dures, ses formations, ses sites Web, son environnement et ses meilleures pratiques (comme indiqu\u00e9 dans son plan d\u2019accessibilit\u00e9 pluriannuel).<\/p>\n<p><b>Les principes cl\u00e9s de la LAPHO, \u00e0 savoir l\u2019int\u00e9gration, l\u2019\u00e9galit\u00e9, la dignit\u00e9 et l\u2019ind\u00e9pendance, seront appliqu\u00e9s ind\u00e9pendamment du fait qu\u2019une personne soit:<\/b><\/p>\n<ul>\n<li>Travaille dans nos bureaux ou les visites;<\/li>\n<li>Acc\u00e8de \u00e0 nos informations;<\/li>\n<li>Se procurent nos services et notre soutien en ligne ou par le biais de nos services t\u00e9l\u00e9phoniques; ou<\/li>\n<li>Nous accueille sur son lieu de travail.<\/li>\n<\/ul>\n<p>&nbsp;<\/p>\n<p>En tant qu\u2019organisation, Citation Canada, formerly HRdownloads, s\u2019engage \u00e0 r\u00e9pondre aux besoins des personnes handicap\u00e9es en temps voulu. Nous comprenons que la mise en place d\u2019un environnement sans obstacle est un effort partag\u00e9 et, en tant qu\u2019organisation, nous nous engageons \u00e0 travailler avec les parties n\u00e9cessaires pour faire de l\u2019accessibilit\u00e9 une r\u00e9alit\u00e9 pour tous.<\/p>\n<p>Les questions ou pr\u00e9occupations concernant la politique d\u2019accessibilit\u00e9 et le plan d\u2019accessibilit\u00e9 pluriannuel de Citation Canada, formerly HRdownloads, doivent \u00eatre adress\u00e9es au coordinateur des ressources humaines ou soumises via le processus de r\u00e9troaction LAPHO de l\u2019entreprise.<\/p>\n<p>Pour acc\u00e9der \u00e0 notre Plan d&rsquo;accessibilit\u00e9 pluriannuel, veuillez cliquer sur\u00a0<a href=\"\/wp-content\/uploads\/2022\/12\/Multi-year-Accessibility-Plan_2019_to_2024.pdf\" target=\"_blank\" rel=\"noopener\">ici<\/a>.<\/p>\n<p>Pour acc\u00e9der \u00e0 notre processus de r\u00e9troaction, veuillez cliquer sur\u00a0<a href=\"https:\/\/staging-citation-canada.hrdownloads.com\/wp-content\/uploads\/2023\/02\/FR_Terms-of-Use_HRd.pdf\">ici<\/a>.<\/p>\n\n        <\/div>\n      <\/div>\n    <\/div>\n  <\/div>\n<\/section>\n","protected":false},"excerpt":{"rendered":"","protected":false},"author":10,"featured_media":0,"parent":0,"menu_order":57,"comment_status":"closed","ping_status":"closed","template":"page--accessibility.php","meta":{"_acf_changed":false,"content-type":"","footnotes":""},"acf":[],"_links":{"self":[{"href":"https:\/\/staging-site.citationcanada.com\/fr\/wp-json\/wp\/v2\/pages\/3536"}],"collection":[{"href":"https:\/\/staging-site.citationcanada.com\/fr\/wp-json\/wp\/v2\/pages"}],"about":[{"href":"https:\/\/staging-site.citationcanada.com\/fr\/wp-json\/wp\/v2\/types\/page"}],"author":[{"embeddable":true,"href":"https:\/\/staging-site.citationcanada.com\/fr\/wp-json\/wp\/v2\/users\/10"}],"replies":[{"embeddable":true,"href":"https:\/\/staging-site.citationcanada.com\/fr\/wp-json\/wp\/v2\/comments?post=3536"}],"version-history":[{"count":8,"href":"https:\/\/staging-site.citationcanada.com\/fr\/wp-json\/wp\/v2\/pages\/3536\/revisions"}],"predecessor-version":[{"id":8570,"href":"https:\/\/staging-site.citationcanada.com\/fr\/wp-json\/wp\/v2\/pages\/3536\/revisions\/8570"}],"wp:attachment":[{"href":"https:\/\/staging-site.citationcanada.com\/fr\/wp-json\/wp\/v2\/media?parent=3536"}],"curies":[{"name":"wp","href":"https:\/\/api.w.org\/{rel}","templated":true}]}}