{"id":3568,"date":"2023-02-13T12:53:27","date_gmt":"2023-02-13T17:53:27","guid":{"rendered":"https:\/\/staging-citation-canada.hrdownloads.com\/customer-information-security-copy\/"},"modified":"2024-06-21T13:47:51","modified_gmt":"2024-06-21T13:47:51","slug":"securite-des-informations-relatives-aux-clients","status":"publish","type":"page","link":"https:\/\/staging-site.citationcanada.com\/fr\/securite-des-informations-relatives-aux-clients\/","title":{"rendered":"S\u00e9curit\u00e9 des informations relatives aux clients"},"content":{"rendered":"<section class=\"block block--fifty-fifty\">\n  <div class=\"block__inner pt-30 pt-lg-40 pb-30 pb-lg-40 bg-color-grey bg-swirls-none fg-color-black border-radius-bottom-left-default border-radius-bottom-right-default\">\n        <div class=\"container\">\n      <div class=\"row gutter-x-lg-60 mb-40- flex-middle\">\n                  <div class=\"col-12 col-lg-6 remove-end-margins mb-40 order-lg-first\">\n            <div class=\"column-content--text max-w-490w\">\n  <h1>S\u00e9curit\u00e9 des informations relatives aux clients<\/h1>\n<p>Confier vos donn\u00e9es \u00e0 Citation Canada, formerly HRdownloads, est une<br \/>\nd\u00e9cision importante, et nous prenons cette<br \/>\nresponsabilit\u00e9 tr\u00e8s au s\u00e9rieux.<\/p>\n\n<\/div>\n\n          <\/div>\n                  <div class=\"col-12 col-lg-6 remove-end-margins mb-40 order-lg-last\">\n            <div class=\"column-content--image mt-50 mb-30\">\n  <img decoding=\"async\" width=\"922\" height=\"703\" src=\"https:\/\/staging-site-media.citationcanada.com\/app\/uploads\/2022\/12\/29174453\/hero_customer_information_security.png\" class=\"attachment-full size-full\" alt=\"&quot; &quot;\" fetchpriority=\"high\" srcset=\"https:\/\/staging-site-media.citationcanada.com\/app\/uploads\/2022\/12\/29174453\/hero_customer_information_security.png 922w, https:\/\/staging-site-media.citationcanada.com\/app\/uploads\/2022\/12\/29174453\/hero_customer_information_security-640x488.png 640w, https:\/\/staging-site-media.citationcanada.com\/app\/uploads\/2022\/12\/29174453\/hero_customer_information_security-768x586.png 768w, https:\/\/staging-site-media.citationcanada.com\/app\/uploads\/2022\/12\/29174453\/hero_customer_information_security-320x244.png 320w\" sizes=\"(max-width: 922px) 100vw, 922px\" \/>\n<\/div>\n\n          <\/div>\n              <\/div>\n    <\/div>\n  <\/div>\n<\/section>\n\n\n<section class=\"block block--content\">\n  <div class=\"block__inner pt-40 pt-lg-60 pb-40 pb-lg-60 bg-color-white bg-swirls-none fg-color-black\">\n        <div class=\"container\">\n      <div class=\"row\">\n        <div class=\"col\">\n          <h2>S\u00e9curit\u00e9 des informations sur les clients<\/h2>\n<p>Faire confiance \u00e0 vos donn\u00e9es avec Citation Canada, formerly HRdownloads, est une d\u00e9cision importante, et nous prenons cette responsabilit\u00e9 tr\u00e8s au s\u00e9rieux.<\/p>\n<p>C\u2019est pourquoi nous pratiquons la d\u00e9fense en profondeur, un principe bas\u00e9 sur de multiples couches de contr\u00f4les de s\u00e9curit\u00e9, ainsi que la confiance z\u00e9ro, un mod\u00e8le de s\u00e9curit\u00e9 d\u00e9velopp\u00e9 par les leaders de l\u2019industrie pour s\u00e9curiser les ressources au niveau du syst\u00e8me plut\u00f4t que de se concentrer sur la d\u00e9fense du p\u00e9rim\u00e8tre. Nous s\u00e9curisons vos donn\u00e9es \u00e0 tous les niveaux, et nous prenons de multiples mesures pour qu\u2019il en reste ainsi.<\/p>\n<p>Voici quelques-unes des mesures que nous prenons pour emp\u00eacher les fuites de donn\u00e9es et l\u2019acc\u00e8s non autoris\u00e9 aux donn\u00e9es :<\/p>\n<ul>\n<li>Contr\u00f4les fr\u00e9quents de la vuln\u00e9rabilit\u00e9.<\/li>\n<li>Tests de p\u00e9n\u00e9tration annuels effectu\u00e9s par des tiers.<\/li>\n<li>Gestion et surveillance continues de la s\u00e9curit\u00e9.<\/li>\n<li>Pare-feu pour les applications web.<\/li>\n<li>Validation des entr\u00e9es.<\/li>\n<li>Cryptage conforme \u00e0 la norme sectorielle la plus stricte.<\/li>\n<li>Toutes les informations sont crypt\u00e9es lors du transfert, et certains champs sensibles sont crypt\u00e9s au repos.<\/li>\n<li>Les donn\u00e9es des clients sont h\u00e9berg\u00e9es uniquement au Canada.<\/li>\n<\/ul>\n\n        <\/div>\n      <\/div>\n    <\/div>\n  <\/div>\n<\/section>\n","protected":false},"excerpt":{"rendered":"","protected":false},"author":10,"featured_media":0,"parent":0,"menu_order":78,"comment_status":"closed","ping_status":"closed","template":"","meta":{"_acf_changed":false,"content-type":"","footnotes":""},"acf":[],"_links":{"self":[{"href":"https:\/\/staging-site.citationcanada.com\/fr\/wp-json\/wp\/v2\/pages\/3568"}],"collection":[{"href":"https:\/\/staging-site.citationcanada.com\/fr\/wp-json\/wp\/v2\/pages"}],"about":[{"href":"https:\/\/staging-site.citationcanada.com\/fr\/wp-json\/wp\/v2\/types\/page"}],"author":[{"embeddable":true,"href":"https:\/\/staging-site.citationcanada.com\/fr\/wp-json\/wp\/v2\/users\/10"}],"replies":[{"embeddable":true,"href":"https:\/\/staging-site.citationcanada.com\/fr\/wp-json\/wp\/v2\/comments?post=3568"}],"version-history":[{"count":6,"href":"https:\/\/staging-site.citationcanada.com\/fr\/wp-json\/wp\/v2\/pages\/3568\/revisions"}],"predecessor-version":[{"id":8614,"href":"https:\/\/staging-site.citationcanada.com\/fr\/wp-json\/wp\/v2\/pages\/3568\/revisions\/8614"}],"wp:attachment":[{"href":"https:\/\/staging-site.citationcanada.com\/fr\/wp-json\/wp\/v2\/media?parent=3568"}],"curies":[{"name":"wp","href":"https:\/\/api.w.org\/{rel}","templated":true}]}}